{"id":8,"date":"2015-01-20T20:28:26","date_gmt":"2015-01-20T20:28:26","guid":{"rendered":"http:\/\/stefanoberg.eu\/?page_id=8"},"modified":"2018-11-22T08:40:46","modified_gmt":"2018-11-22T08:40:46","slug":"om-mig","status":"publish","type":"page","link":"http:\/\/stefanoberg.eu\/?page_id=8","title":{"rendered":"Om mig"},"content":{"rendered":"<p><ul class=\"list-pages-shortcode child-pages\"><li class=\"page_item page-item-175\"><a href=\"http:\/\/stefanoberg.eu\/?page_id=175\">Stefan<\/a><\/li>\n<li class=\"page_item page-item-171\"><a href=\"http:\/\/stefanoberg.eu\/?page_id=171\">Utrustning<\/a><\/li>\n<\/ul><br \/>\n<span style=\"color: #808000;\"><strong>Om mig<\/strong><\/span><\/p>\n<p>B\u00f6rjade fotografera runt 2011. Mitt naturintresse hade tagit ny fart,<br \/>\nspeciellt detta med f\u00e5glar. Det var i en tid d\u00e5 jag blev p\u00e5mind om att pensionen<br \/>\nl\u00e5g inte allt f\u00f6r l\u00e5ngt borta, \u201dvad skall jag g\u00f6ra d\u00e5\u201d.<br \/>\nB\u00e5de min fru och jag tycker om att vara ute i skog och mark, se olika platser och<br \/>\nuppleva saker. Vi har f\u00f6rm\u00e5nen att kunna resa och med detta s\u00e5 k\u00e4nns det roligt<br \/>\natt kunna dokumentera vartefter och minnas samt delge andra vad vi sett och<br \/>\nupplevt. Det jag fotar har koppling till naturen i f\u00f6rsta hand.<\/p>\n","protected":false},"excerpt":{"rendered":"<p>Om mig B\u00f6rjade fotografera runt 2011. Mitt naturintresse hade tagit ny fart, speciellt detta med f\u00e5glar. Det var i en tid d\u00e5 jag blev p\u00e5mind om att pensionen l\u00e5g inte allt f\u00f6r l\u00e5ngt borta, \u201dvad skall jag g\u00f6ra d\u00e5\u201d. B\u00e5de &hellip; <a href=\"http:\/\/stefanoberg.eu\/?page_id=8\">L\u00e4s mer <span class=\"meta-nav\">&rarr;<\/span><\/a><\/p>\n","protected":false},"author":2,"featured_media":0,"parent":0,"menu_order":1,"comment_status":"closed","ping_status":"closed","template":"showcase.php","meta":{"ngg_post_thumbnail":0},"_links":{"self":[{"href":"http:\/\/stefanoberg.eu\/index.php?rest_route=\/wp\/v2\/pages\/8"}],"collection":[{"href":"http:\/\/stefanoberg.eu\/index.php?rest_route=\/wp\/v2\/pages"}],"about":[{"href":"http:\/\/stefanoberg.eu\/index.php?rest_route=\/wp\/v2\/types\/page"}],"author":[{"embeddable":true,"href":"http:\/\/stefanoberg.eu\/index.php?rest_route=\/wp\/v2\/users\/2"}],"replies":[{"embeddable":true,"href":"http:\/\/stefanoberg.eu\/index.php?rest_route=%2Fwp%2Fv2%2Fcomments&post=8"}],"version-history":[{"count":10,"href":"http:\/\/stefanoberg.eu\/index.php?rest_route=\/wp\/v2\/pages\/8\/revisions"}],"predecessor-version":[{"id":3086,"href":"http:\/\/stefanoberg.eu\/index.php?rest_route=\/wp\/v2\/pages\/8\/revisions\/3086"}],"wp:attachment":[{"href":"http:\/\/stefanoberg.eu\/index.php?rest_route=%2Fwp%2Fv2%2Fmedia&parent=8"}],"curies":[{"name":"wp","href":"https:\/\/api.w.org\/{rel}","templated":true}]}}