{"id":740,"date":"2015-03-05T10:41:32","date_gmt":"2015-03-05T10:41:32","guid":{"rendered":"http:\/\/stefanoberg.eu\/?page_id=740"},"modified":"2015-12-03T16:55:45","modified_gmt":"2015-12-03T16:55:45","slug":"hem-2","status":"publish","type":"page","link":"http:\/\/stefanoberg.eu\/","title":{"rendered":"Hem"},"content":{"rendered":"<p style=\"text-align: center;\"><strong><span style=\"color: #808000;\">V\u00e4lkommen till min hemsida StefanFoto!<\/span><\/strong><em><strong><span style=\"color: #808000;\"><br \/>\n<\/span><\/strong><\/em><br \/>\nH\u00e4r kan du ta del av vad vi har varit med om ute i skog och mark,<br \/>\nsamt resor. Bildernas kvalit\u00e9 varierar men s\u00e4ger alltid n\u00e5got.<br \/>\nTanken \u00e4r att med en viss regelbundenhet l\u00e4gga ut nytt eller komplettera<br \/>\nbefintliga gallerier. Ser g\u00e4rna att f\u00e5 kommentarer och synpunkter s\u00e5 att man<br \/>\nkan utveckla fotograferandet.<\/p>\n<p style=\"text-align: center;\">B\u00f6rjade fotografera digitalt 2011. Mitt naturintresse hade tagit ny fart,<br \/>\nspeciellt detta med f\u00e5glar. Det var i en tid d\u00e5 jag blev p\u00e5mind om att pensionen<br \/>\nl\u00e5g inte allt f\u00f6r l\u00e5ngt borta, &#8221;vad ska jag g\u00f6ra d\u00e5&#8221;.<\/p>\n<p style=\"text-align: center;\">B\u00e5de min fru och jag tycker om att vara ute i skog och mark, se olika platser<br \/>\noch uppleva saker. Vi har f\u00f6rm\u00e5nen att kunna resa och med detta s\u00e5 k\u00e4nns det<br \/>\nroligt att kunna dokmentera vartefter och minnas samt delge andra vad vi sett<br \/>\noch upplevt. Det jag fotar har koppling till natur i f\u00f6rsta hand.<\/p>\n<p><img loading=\"lazy\" class=\"alignleft wp-image-1595 size-full\" src=\"http:\/\/stefanoberg.eu\/wp-content\/uploads\/2015\/03\/Banner_Stefan.jpg\" alt=\"Banner_Stefan\" width=\"800\" height=\"283\" srcset=\"http:\/\/stefanoberg.eu\/wp-content\/uploads\/2015\/03\/Banner_Stefan.jpg 800w, http:\/\/stefanoberg.eu\/wp-content\/uploads\/2015\/03\/Banner_Stefan-300x106.jpg 300w, http:\/\/stefanoberg.eu\/wp-content\/uploads\/2015\/03\/Banner_Stefan-500x177.jpg 500w\" sizes=\"(max-width: 800px) 100vw, 800px\" \/><\/p>\n","protected":false},"excerpt":{"rendered":"<p>V\u00e4lkommen till min hemsida StefanFoto! H\u00e4r kan du ta del av vad vi har varit med om ute i skog och mark, samt resor. Bildernas kvalit\u00e9 varierar men s\u00e4ger alltid n\u00e5got. Tanken \u00e4r att med en viss regelbundenhet l\u00e4gga ut &hellip; <a href=\"http:\/\/stefanoberg.eu\/\">L\u00e4s mer <span class=\"meta-nav\">&rarr;<\/span><\/a><\/p>\n","protected":false},"author":2,"featured_media":0,"parent":0,"menu_order":0,"comment_status":"open","ping_status":"open","template":"showcase.php","meta":{"ngg_post_thumbnail":0},"_links":{"self":[{"href":"http:\/\/stefanoberg.eu\/index.php?rest_route=\/wp\/v2\/pages\/740"}],"collection":[{"href":"http:\/\/stefanoberg.eu\/index.php?rest_route=\/wp\/v2\/pages"}],"about":[{"href":"http:\/\/stefanoberg.eu\/index.php?rest_route=\/wp\/v2\/types\/page"}],"author":[{"embeddable":true,"href":"http:\/\/stefanoberg.eu\/index.php?rest_route=\/wp\/v2\/users\/2"}],"replies":[{"embeddable":true,"href":"http:\/\/stefanoberg.eu\/index.php?rest_route=%2Fwp%2Fv2%2Fcomments&post=740"}],"version-history":[{"count":21,"href":"http:\/\/stefanoberg.eu\/index.php?rest_route=\/wp\/v2\/pages\/740\/revisions"}],"predecessor-version":[{"id":1609,"href":"http:\/\/stefanoberg.eu\/index.php?rest_route=\/wp\/v2\/pages\/740\/revisions\/1609"}],"wp:attachment":[{"href":"http:\/\/stefanoberg.eu\/index.php?rest_route=%2Fwp%2Fv2%2Fmedia&parent=740"}],"curies":[{"name":"wp","href":"https:\/\/api.w.org\/{rel}","templated":true}]}}