{"id":381,"date":"2015-02-13T10:24:14","date_gmt":"2015-02-13T10:24:14","guid":{"rendered":"http:\/\/stefanoberg.eu\/?page_id=381"},"modified":"2015-12-01T21:45:30","modified_gmt":"2015-12-01T21:45:30","slug":"faglar","status":"publish","type":"page","link":"http:\/\/stefanoberg.eu\/?page_id=381","title":{"rendered":"Blandat"},"content":{"rendered":"<p><!-- index.php -->\n<div\n\tclass=\"ngg-galleryoverview ngg-ajax-pagination-none\"\n\tid=\"ngg-gallery-496-1\">\n\n    \t<div class=\"slideshowlink\">\n        <a href='http:\/\/stefanoberg.eu\/index.php\/nggallery\/slideshow?page_id=381'>[Show slideshow]<\/a>\n\t\t\n\t<\/div>\n\t\t\t<!-- Thumbnails -->\n\t\t\t\t<div id=\"ngg-image-0\" class=\"ngg-gallery-thumbnail-box\" >\n\t\t\t\t        <div class=\"ngg-gallery-thumbnail\">\n            <a href=\"http:\/\/stefanoberg.eu\/wp-content\/gallery\/faglar\/Angspiplarka_Hjalstaviken_oktober_2014_1.jpg\"\n               title=\"\u00c4ngspiplarka Hj\u00e4lstaviken oktober 2014\"\n               data-src=\"http:\/\/stefanoberg.eu\/wp-content\/gallery\/faglar\/Angspiplarka_Hjalstaviken_oktober_2014_1.jpg\"\n               data-thumbnail=\"http:\/\/stefanoberg.eu\/wp-content\/gallery\/faglar\/thumbs\/thumbs_Angspiplarka_Hjalstaviken_oktober_2014_1.jpg\"\n               data-image-id=\"157\"\n               data-title=\"Angspiplarka_Hjalstaviken_oktober_2014_1\"\n               data-description=\"\u00c4ngspiplarka Hj\u00e4lstaviken oktober 2014\"\n               data-image-slug=\"angspiplarka_hjalstaviken_oktober_2014_1\"\n               class=\"ngg-fancybox\" rel=\"496\">\n                <img\n                    title=\"Angspiplarka_Hjalstaviken_oktober_2014_1\"\n                    alt=\"Angspiplarka_Hjalstaviken_oktober_2014_1\"\n                    src=\"http:\/\/stefanoberg.eu\/wp-content\/gallery\/faglar\/thumbs\/thumbs_Angspiplarka_Hjalstaviken_oktober_2014_1.jpg\"\n                    width=\"120\"\n                    height=\"90\"\n                    style=\"max-width:100%;\"\n                \/>\n            <\/a>\n        <\/div>\n\t\t\t\t\t\t\t<\/div> \n\t\t\t\n        \n\t\t\t\t<div id=\"ngg-image-1\" class=\"ngg-gallery-thumbnail-box\" >\n\t\t\t\t        <div class=\"ngg-gallery-thumbnail\">\n            <a href=\"http:\/\/stefanoberg.eu\/wp-content\/gallery\/faglar\/Bjorktrast_Rastasjon_jan_2013.jpg\"\n               title=\"Bj\u00f6rktrast R\u00e5stasj\u00f6n januari 2013\"\n               data-src=\"http:\/\/stefanoberg.eu\/wp-content\/gallery\/faglar\/Bjorktrast_Rastasjon_jan_2013.jpg\"\n               data-thumbnail=\"http:\/\/stefanoberg.eu\/wp-content\/gallery\/faglar\/thumbs\/thumbs_Bjorktrast_Rastasjon_jan_2013.jpg\"\n               data-image-id=\"158\"\n               data-title=\"Bjorktrast_Rastasjon_jan_2013\"\n               data-description=\"Bj\u00f6rktrast R\u00e5stasj\u00f6n januari 2013\"\n               data-image-slug=\"bjorktrast_rastasjon_jan_2013\"\n               class=\"ngg-fancybox\" rel=\"496\">\n                <img\n                    title=\"Bjorktrast_Rastasjon_jan_2013\"\n                    alt=\"Bjorktrast_Rastasjon_jan_2013\"\n                    src=\"http:\/\/stefanoberg.eu\/wp-content\/gallery\/faglar\/thumbs\/thumbs_Bjorktrast_Rastasjon_jan_2013.jpg\"\n                    width=\"120\"\n                    height=\"90\"\n                    style=\"max-width:100%;\"\n                \/>\n            <\/a>\n        <\/div>\n\t\t\t\t\t\t\t<\/div> \n\t\t\t\n        \n\t\t\t\t<div id=\"ngg-image-2\" class=\"ngg-gallery-thumbnail-box\" >\n\t\t\t\t        <div class=\"ngg-gallery-thumbnail\">\n            <a href=\"http:\/\/stefanoberg.eu\/wp-content\/gallery\/faglar\/Blames_Hjalstaviken_oktober_2013.jpg\"\n               title=\"\"\n               data-src=\"http:\/\/stefanoberg.eu\/wp-content\/gallery\/faglar\/Blames_Hjalstaviken_oktober_2013.jpg\"\n               data-thumbnail=\"http:\/\/stefanoberg.eu\/wp-content\/gallery\/faglar\/thumbs\/thumbs_Blames_Hjalstaviken_oktober_2013.jpg\"\n               data-image-id=\"159\"\n               data-title=\"Blames_Hjalstaviken_oktober_2013\"\n               data-description=\"\"\n               data-image-slug=\"blames_hjalstaviken_oktober_2013\"\n               class=\"ngg-fancybox\" rel=\"496\">\n                <img\n                    title=\"Blames_Hjalstaviken_oktober_2013\"\n                    alt=\"Blames_Hjalstaviken_oktober_2013\"\n                    src=\"http:\/\/stefanoberg.eu\/wp-content\/gallery\/faglar\/thumbs\/thumbs_Blames_Hjalstaviken_oktober_2013.jpg\"\n                    width=\"120\"\n                    height=\"90\"\n                    style=\"max-width:100%;\"\n                \/>\n            <\/a>\n        <\/div>\n\t\t\t\t\t\t\t<\/div> \n\t\t\t\n        \n\t\t\t\t<div id=\"ngg-image-3\" class=\"ngg-gallery-thumbnail-box\" >\n\t\t\t\t        <div class=\"ngg-gallery-thumbnail\">\n            <a href=\"http:\/\/stefanoberg.eu\/wp-content\/gallery\/faglar\/Ejder_Skarhamn_mars_2013.jpg\"\n               title=\"\"\n               data-src=\"http:\/\/stefanoberg.eu\/wp-content\/gallery\/faglar\/Ejder_Skarhamn_mars_2013.jpg\"\n               data-thumbnail=\"http:\/\/stefanoberg.eu\/wp-content\/gallery\/faglar\/thumbs\/thumbs_Ejder_Skarhamn_mars_2013.jpg\"\n               data-image-id=\"160\"\n               data-title=\"Ejder_Skarhamn_mars_2013\"\n               data-description=\"\"\n               data-image-slug=\"ejder_skarhamn_mars_2013\"\n               class=\"ngg-fancybox\" rel=\"496\">\n                <img\n                    title=\"Ejder_Skarhamn_mars_2013\"\n                    alt=\"Ejder_Skarhamn_mars_2013\"\n                    src=\"http:\/\/stefanoberg.eu\/wp-content\/gallery\/faglar\/thumbs\/thumbs_Ejder_Skarhamn_mars_2013.jpg\"\n                    width=\"120\"\n                    height=\"90\"\n                    style=\"max-width:100%;\"\n                \/>\n            <\/a>\n        <\/div>\n\t\t\t\t\t\t\t<\/div> \n\t\t\t\n        \n\t\t\t\t<div id=\"ngg-image-4\" class=\"ngg-gallery-thumbnail-box\" >\n\t\t\t\t        <div class=\"ngg-gallery-thumbnail\">\n            <a href=\"http:\/\/stefanoberg.eu\/wp-content\/gallery\/faglar\/Kattuggla_Ulriksdals_slott_juni_2012.jpg\"\n               title=\"\"\n               data-src=\"http:\/\/stefanoberg.eu\/wp-content\/gallery\/faglar\/Kattuggla_Ulriksdals_slott_juni_2012.jpg\"\n               data-thumbnail=\"http:\/\/stefanoberg.eu\/wp-content\/gallery\/faglar\/thumbs\/thumbs_Kattuggla_Ulriksdals_slott_juni_2012.jpg\"\n               data-image-id=\"161\"\n               data-title=\"Kattuggla_Ulriksdals_slott_juni_2012\"\n               data-description=\"\"\n               data-image-slug=\"kattuggla_ulriksdals_slott_juni_2012\"\n               class=\"ngg-fancybox\" rel=\"496\">\n                <img\n                    title=\"Kattuggla_Ulriksdals_slott_juni_2012\"\n                    alt=\"Kattuggla_Ulriksdals_slott_juni_2012\"\n                    src=\"http:\/\/stefanoberg.eu\/wp-content\/gallery\/faglar\/thumbs\/thumbs_Kattuggla_Ulriksdals_slott_juni_2012.jpg\"\n                    width=\"120\"\n                    height=\"90\"\n                    style=\"max-width:100%;\"\n                \/>\n            <\/a>\n        <\/div>\n\t\t\t\t\t\t\t<\/div> \n\t\t\t\n        \n\t\t\t\t<div id=\"ngg-image-5\" class=\"ngg-gallery-thumbnail-box\" >\n\t\t\t\t        <div class=\"ngg-gallery-thumbnail\">\n            <a href=\"http:\/\/stefanoberg.eu\/wp-content\/gallery\/faglar\/Mandrinand_Strommen_januari_2014.jpg\"\n               title=\"\"\n               data-src=\"http:\/\/stefanoberg.eu\/wp-content\/gallery\/faglar\/Mandrinand_Strommen_januari_2014.jpg\"\n               data-thumbnail=\"http:\/\/stefanoberg.eu\/wp-content\/gallery\/faglar\/thumbs\/thumbs_Mandrinand_Strommen_januari_2014.jpg\"\n               data-image-id=\"162\"\n               data-title=\"Mandrinand_Strommen_januari_2014\"\n               data-description=\"\"\n               data-image-slug=\"mandrinand_strommen_januari_2014\"\n               class=\"ngg-fancybox\" rel=\"496\">\n                <img\n                    title=\"Mandrinand_Strommen_januari_2014\"\n                    alt=\"Mandrinand_Strommen_januari_2014\"\n                    src=\"http:\/\/stefanoberg.eu\/wp-content\/gallery\/faglar\/thumbs\/thumbs_Mandrinand_Strommen_januari_2014.jpg\"\n                    width=\"120\"\n                    height=\"90\"\n                    style=\"max-width:100%;\"\n                \/>\n            <\/a>\n        <\/div>\n\t\t\t\t\t\t\t<\/div> \n\t\t\t\n        \n\t\t\t\t<div id=\"ngg-image-6\" class=\"ngg-gallery-thumbnail-box\" >\n\t\t\t\t        <div class=\"ngg-gallery-thumbnail\">\n            <a href=\"http:\/\/stefanoberg.eu\/wp-content\/gallery\/faglar\/Pilfink_Getteron_okt_2011.jpg\"\n               title=\"\"\n               data-src=\"http:\/\/stefanoberg.eu\/wp-content\/gallery\/faglar\/Pilfink_Getteron_okt_2011.jpg\"\n               data-thumbnail=\"http:\/\/stefanoberg.eu\/wp-content\/gallery\/faglar\/thumbs\/thumbs_Pilfink_Getteron_okt_2011.jpg\"\n               data-image-id=\"163\"\n               data-title=\"Pilfink_Getteron_okt_2011\"\n               data-description=\"\"\n               data-image-slug=\"pilfink_getteron_okt_2011\"\n               class=\"ngg-fancybox\" rel=\"496\">\n                <img\n                    title=\"Pilfink_Getteron_okt_2011\"\n                    alt=\"Pilfink_Getteron_okt_2011\"\n                    src=\"http:\/\/stefanoberg.eu\/wp-content\/gallery\/faglar\/thumbs\/thumbs_Pilfink_Getteron_okt_2011.jpg\"\n                    width=\"120\"\n                    height=\"90\"\n                    style=\"max-width:100%;\"\n                \/>\n            <\/a>\n        <\/div>\n\t\t\t\t\t\t\t<\/div> \n\t\t\t\n        \n\t\t\t\t<div id=\"ngg-image-7\" class=\"ngg-gallery-thumbnail-box\" >\n\t\t\t\t        <div class=\"ngg-gallery-thumbnail\">\n            <a href=\"http:\/\/stefanoberg.eu\/wp-content\/gallery\/faglar\/Skaggdopping_Hjalstaviken_juli_2014_1.jpg\"\n               title=\"\"\n               data-src=\"http:\/\/stefanoberg.eu\/wp-content\/gallery\/faglar\/Skaggdopping_Hjalstaviken_juli_2014_1.jpg\"\n               data-thumbnail=\"http:\/\/stefanoberg.eu\/wp-content\/gallery\/faglar\/thumbs\/thumbs_Skaggdopping_Hjalstaviken_juli_2014_1.jpg\"\n               data-image-id=\"164\"\n               data-title=\"Skaggdopping_Hjalstaviken_juli_2014_1\"\n               data-description=\"\"\n               data-image-slug=\"skaggdopping_hjalstaviken_juli_2014_1\"\n               class=\"ngg-fancybox\" rel=\"496\">\n                <img\n                    title=\"Skaggdopping_Hjalstaviken_juli_2014_1\"\n                    alt=\"Skaggdopping_Hjalstaviken_juli_2014_1\"\n                    src=\"http:\/\/stefanoberg.eu\/wp-content\/gallery\/faglar\/thumbs\/thumbs_Skaggdopping_Hjalstaviken_juli_2014_1.jpg\"\n                    width=\"120\"\n                    height=\"90\"\n                    style=\"max-width:100%;\"\n                \/>\n            <\/a>\n        <\/div>\n\t\t\t\t\t\t\t<\/div> \n\t\t\t\n        \n\t\t\t\t<div id=\"ngg-image-8\" class=\"ngg-gallery-thumbnail-box\" >\n\t\t\t\t        <div class=\"ngg-gallery-thumbnail\">\n            <a href=\"http:\/\/stefanoberg.eu\/wp-content\/gallery\/faglar\/Stjartmes_Fysingen_maj_2014_1.jpg\"\n               title=\"\"\n               data-src=\"http:\/\/stefanoberg.eu\/wp-content\/gallery\/faglar\/Stjartmes_Fysingen_maj_2014_1.jpg\"\n               data-thumbnail=\"http:\/\/stefanoberg.eu\/wp-content\/gallery\/faglar\/thumbs\/thumbs_Stjartmes_Fysingen_maj_2014_1.jpg\"\n               data-image-id=\"165\"\n               data-title=\"Stjartmes_Fysingen_maj_2014_1\"\n               data-description=\"\"\n               data-image-slug=\"stjartmes_fysingen_maj_2014_1\"\n               class=\"ngg-fancybox\" rel=\"496\">\n                <img\n                    title=\"Stjartmes_Fysingen_maj_2014_1\"\n                    alt=\"Stjartmes_Fysingen_maj_2014_1\"\n                    src=\"http:\/\/stefanoberg.eu\/wp-content\/gallery\/faglar\/thumbs\/thumbs_Stjartmes_Fysingen_maj_2014_1.jpg\"\n                    width=\"120\"\n                    height=\"90\"\n                    style=\"max-width:100%;\"\n                \/>\n            <\/a>\n        <\/div>\n\t\t\t\t\t\t\t<\/div> \n\t\t\t\n        \n\t\t\t\t<div id=\"ngg-image-9\" class=\"ngg-gallery-thumbnail-box\" >\n\t\t\t\t        <div class=\"ngg-gallery-thumbnail\">\n            <a href=\"http:\/\/stefanoberg.eu\/wp-content\/gallery\/faglar\/Svarthakedopping_Jarfalla_kyrka_april_2014_1.jpg\"\n               title=\"\"\n               data-src=\"http:\/\/stefanoberg.eu\/wp-content\/gallery\/faglar\/Svarthakedopping_Jarfalla_kyrka_april_2014_1.jpg\"\n               data-thumbnail=\"http:\/\/stefanoberg.eu\/wp-content\/gallery\/faglar\/thumbs\/thumbs_Svarthakedopping_Jarfalla_kyrka_april_2014_1.jpg\"\n               data-image-id=\"166\"\n               data-title=\"Svarthakedopping_Jarfalla_kyrka_april_2014_1\"\n               data-description=\"\"\n               data-image-slug=\"svarthakedopping_jarfalla_kyrka_april_2014_1\"\n               class=\"ngg-fancybox\" rel=\"496\">\n                <img\n                    title=\"Svarthakedopping_Jarfalla_kyrka_april_2014_1\"\n                    alt=\"Svarthakedopping_Jarfalla_kyrka_april_2014_1\"\n                    src=\"http:\/\/stefanoberg.eu\/wp-content\/gallery\/faglar\/thumbs\/thumbs_Svarthakedopping_Jarfalla_kyrka_april_2014_1.jpg\"\n                    width=\"120\"\n                    height=\"90\"\n                    style=\"max-width:100%;\"\n                \/>\n            <\/a>\n        <\/div>\n\t\t\t\t\t\t\t<\/div> \n\t\t\t\n        \n\t\t\t\t<div id=\"ngg-image-10\" class=\"ngg-gallery-thumbnail-box\" >\n\t\t\t\t        <div class=\"ngg-gallery-thumbnail\">\n            <a href=\"http:\/\/stefanoberg.eu\/wp-content\/gallery\/faglar\/Tofsvipa_Hjalstaviken_juli_2014.jpg\"\n               title=\"\"\n               data-src=\"http:\/\/stefanoberg.eu\/wp-content\/gallery\/faglar\/Tofsvipa_Hjalstaviken_juli_2014.jpg\"\n               data-thumbnail=\"http:\/\/stefanoberg.eu\/wp-content\/gallery\/faglar\/thumbs\/thumbs_Tofsvipa_Hjalstaviken_juli_2014.jpg\"\n               data-image-id=\"167\"\n               data-title=\"Tofsvipa_Hjalstaviken_juli_2014\"\n               data-description=\"\"\n               data-image-slug=\"tofsvipa_hjalstaviken_juli_2014\"\n               class=\"ngg-fancybox\" rel=\"496\">\n                <img\n                    title=\"Tofsvipa_Hjalstaviken_juli_2014\"\n                    alt=\"Tofsvipa_Hjalstaviken_juli_2014\"\n                    src=\"http:\/\/stefanoberg.eu\/wp-content\/gallery\/faglar\/thumbs\/thumbs_Tofsvipa_Hjalstaviken_juli_2014.jpg\"\n                    width=\"120\"\n                    height=\"90\"\n                    style=\"max-width:100%;\"\n                \/>\n            <\/a>\n        <\/div>\n\t\t\t\t\t\t\t<\/div> \n\t\t\t\n        \n\t\t\n\t\t<!-- Pagination -->\n\t<div class='ngg-clear'><\/div>\t<\/div>\n<\/p>\n","protected":false},"excerpt":{"rendered":"<p>[Show slideshow]<\/p>\n","protected":false},"author":2,"featured_media":0,"parent":1347,"menu_order":0,"comment_status":"open","ping_status":"closed","template":"showcase.php","meta":{"ngg_post_thumbnail":0},"_links":{"self":[{"href":"http:\/\/stefanoberg.eu\/index.php?rest_route=\/wp\/v2\/pages\/381"}],"collection":[{"href":"http:\/\/stefanoberg.eu\/index.php?rest_route=\/wp\/v2\/pages"}],"about":[{"href":"http:\/\/stefanoberg.eu\/index.php?rest_route=\/wp\/v2\/types\/page"}],"author":[{"embeddable":true,"href":"http:\/\/stefanoberg.eu\/index.php?rest_route=\/wp\/v2\/users\/2"}],"replies":[{"embeddable":true,"href":"http:\/\/stefanoberg.eu\/index.php?rest_route=%2Fwp%2Fv2%2Fcomments&post=381"}],"version-history":[{"count":6,"href":"http:\/\/stefanoberg.eu\/index.php?rest_route=\/wp\/v2\/pages\/381\/revisions"}],"predecessor-version":[{"id":1346,"href":"http:\/\/stefanoberg.eu\/index.php?rest_route=\/wp\/v2\/pages\/381\/revisions\/1346"}],"up":[{"embeddable":true,"href":"http:\/\/stefanoberg.eu\/index.php?rest_route=\/wp\/v2\/pages\/1347"}],"wp:attachment":[{"href":"http:\/\/stefanoberg.eu\/index.php?rest_route=%2Fwp%2Fv2%2Fmedia&parent=381"}],"curies":[{"name":"wp","href":"https:\/\/api.w.org\/{rel}","templated":true}]}}