{"id":175,"date":"2015-01-26T18:29:03","date_gmt":"2015-01-26T18:29:03","guid":{"rendered":"http:\/\/stefanoberg.eu\/?page_id=175"},"modified":"2018-11-29T07:46:49","modified_gmt":"2018-11-29T07:46:49","slug":"stefan","status":"publish","type":"page","link":"http:\/\/stefanoberg.eu\/?page_id=175","title":{"rendered":"Stefan"},"content":{"rendered":"<p><span style=\"color: #808000;\"><strong>Om mig<\/strong><\/span><\/p>\n<p>B\u00f6rjade fotografera 2011. Mitt naturintresse hade tagit ny fart,<br \/>\nspeciellt detta med f\u00e5glar. Det var i en tid d\u00e5 jag blev p\u00e5mind om att pensionen<br \/>\nl\u00e5g inte allt f\u00f6r l\u00e5ngt borta, \u201dvad skall jag g\u00f6ra d\u00e5\u201d.<br \/>\nB\u00e5de min fru och jag tycker om att vara ute i skog och mark, se olika platser och<br \/>\nuppleva saker. Vi har f\u00f6rm\u00e5nen att kunna resa och med detta s\u00e5 k\u00e4nns det roligt<br \/>\natt kunna dokumentera vartefter och minnas samt delge andra vad vi sett och<br \/>\nupplevt. Det jag fotar har koppling till naturen i f\u00f6rsta hand.<\/p>\n","protected":false},"excerpt":{"rendered":"<p>Om mig B\u00f6rjade fotografera 2011. Mitt naturintresse hade tagit ny fart, speciellt detta med f\u00e5glar. Det var i en tid d\u00e5 jag blev p\u00e5mind om att pensionen l\u00e5g inte allt f\u00f6r l\u00e5ngt borta, \u201dvad skall jag g\u00f6ra d\u00e5\u201d. B\u00e5de min &hellip; <a href=\"http:\/\/stefanoberg.eu\/?page_id=175\">L\u00e4s mer <span class=\"meta-nav\">&rarr;<\/span><\/a><\/p>\n","protected":false},"author":2,"featured_media":0,"parent":8,"menu_order":0,"comment_status":"closed","ping_status":"closed","template":"showcase.php","meta":{"ngg_post_thumbnail":0},"_links":{"self":[{"href":"http:\/\/stefanoberg.eu\/index.php?rest_route=\/wp\/v2\/pages\/175"}],"collection":[{"href":"http:\/\/stefanoberg.eu\/index.php?rest_route=\/wp\/v2\/pages"}],"about":[{"href":"http:\/\/stefanoberg.eu\/index.php?rest_route=\/wp\/v2\/types\/page"}],"author":[{"embeddable":true,"href":"http:\/\/stefanoberg.eu\/index.php?rest_route=\/wp\/v2\/users\/2"}],"replies":[{"embeddable":true,"href":"http:\/\/stefanoberg.eu\/index.php?rest_route=%2Fwp%2Fv2%2Fcomments&post=175"}],"version-history":[{"count":9,"href":"http:\/\/stefanoberg.eu\/index.php?rest_route=\/wp\/v2\/pages\/175\/revisions"}],"predecessor-version":[{"id":3600,"href":"http:\/\/stefanoberg.eu\/index.php?rest_route=\/wp\/v2\/pages\/175\/revisions\/3600"}],"up":[{"embeddable":true,"href":"http:\/\/stefanoberg.eu\/index.php?rest_route=\/wp\/v2\/pages\/8"}],"wp:attachment":[{"href":"http:\/\/stefanoberg.eu\/index.php?rest_route=%2Fwp%2Fv2%2Fmedia&parent=175"}],"curies":[{"name":"wp","href":"https:\/\/api.w.org\/{rel}","templated":true}]}}